{"id":2082,"date":"2022-08-26T20:14:01","date_gmt":"2022-08-26T23:14:01","guid":{"rendered":"https:\/\/abemi.sancho.digital\/?page_id=2082"},"modified":"2026-02-24T12:19:42","modified_gmt":"2026-02-24T15:19:42","slug":"diretoria","status":"publish","type":"page","link":"https:\/\/abemi.org.br\/en\/a-associacao\/diretoria\/","title":{"rendered":"Board"},"content":{"rendered":"<div data-elementor-type=\"wp-post\" data-elementor-id=\"2082\" class=\"elementor elementor-2082\" data-elementor-post-type=\"page\">\n\t\t\t\t\t\t<section class=\"elementor-section elementor-top-section elementor-element elementor-element-721e08b elementor-section-boxed elementor-section-height-default elementor-section-height-default\" data-id=\"721e08b\" data-element_type=\"section\" data-settings=\"{&quot;jet_parallax_layout_list&quot;:[]}\">\n\t\t\t\t\t\t<div class=\"elementor-container elementor-column-gap-no\">\n\t\t\t\t\t<div class=\"elementor-column elementor-col-100 elementor-top-column elementor-element elementor-element-bc09d0c\" data-id=\"bc09d0c\" data-element_type=\"column\">\n\t\t\t<div class=\"elementor-widget-wrap elementor-element-populated\">\n\t\t\t\t\t\t<div class=\"elementor-element elementor-element-dd769d5 elementor-widget elementor-widget-heading\" data-id=\"dd769d5\" data-element_type=\"widget\" data-widget_type=\"heading.default\">\n\t\t\t\t<div class=\"elementor-widget-container\">\n\t\t\t\t\t<h2 class=\"elementor-heading-title elementor-size-default\">Management body activities<\/h2>\t\t\t\t<\/div>\n\t\t\t\t<\/div>\n\t\t\t\t<div class=\"elementor-element elementor-element-ba4b2ed elementor-widget elementor-widget-image\" data-id=\"ba4b2ed\" data-element_type=\"widget\" data-widget_type=\"image.default\">\n\t\t\t\t<div class=\"elementor-widget-container\">\n\t\t\t\t\t\t\t\t\t\t\t\t\t\t\t\t<a href=\"https:\/\/abemi.org.br\/wp-content\/uploads\/2023\/03\/organograma-ABEMI-ingles.png\" data-elementor-open-lightbox=\"yes\" data-e-action-hash=\"#elementor-action%3Aaction%3Dlightbox%26settings%3DeyJpZCI6NDA5NSwidXJsIjoiaHR0cHM6XC9cL2FiZW1pLm9yZy5iclwvd3AtY29udGVudFwvdXBsb2Fkc1wvMjAyMlwvMTBcL29yZ2Fub2dyYW1hLUFCRU1JLTEucG5nIn0%3D\">\n\t\t\t\t\t\t\t<img fetchpriority=\"high\" decoding=\"async\" width=\"1024\" height=\"692\" src=\"https:\/\/abemi.org.br\/wp-content\/uploads\/2023\/03\/organograma-ABEMI-ingles.png\" class=\"attachment-large size-large wp-image-4095\" alt=\"Organograma ABEMI\" srcset=\"https:\/\/abemi.org.br\/wp-content\/uploads\/2023\/03\/organograma-ABEMI-ingles.png 1024w, https:\/\/abemi.org.br\/wp-content\/uploads\/2023\/03\/organograma-ABEMI-ingles-300x203.png 300w, https:\/\/abemi.org.br\/wp-content\/uploads\/2023\/03\/organograma-ABEMI-ingles-768x519.png 768w, https:\/\/abemi.org.br\/wp-content\/uploads\/2023\/03\/organograma-ABEMI-ingles-18x12.png 18w\" sizes=\"(max-width: 1024px) 100vw, 1024px\" \/>\t\t\t\t\t\t\t\t<\/a>\n\t\t\t\t\t\t\t\t\t\t\t\t\t\t\t<\/div>\n\t\t\t\t<\/div>\n\t\t\t\t\t<\/div>\n\t\t<\/div>\n\t\t\t\t\t<\/div>\n\t\t<\/section>\n\t\t\t\t<section class=\"elementor-section elementor-top-section elementor-element elementor-element-ef8e70f elementor-section-boxed elementor-section-height-default elementor-section-height-default\" data-id=\"ef8e70f\" data-element_type=\"section\" data-settings=\"{&quot;jet_parallax_layout_list&quot;:[]}\">\n\t\t\t\t\t\t<div class=\"elementor-container elementor-column-gap-no\">\n\t\t\t\t\t<div class=\"elementor-column elementor-col-100 elementor-top-column elementor-element elementor-element-ec23539\" data-id=\"ec23539\" data-element_type=\"column\">\n\t\t\t<div class=\"elementor-widget-wrap elementor-element-populated\">\n\t\t\t\t\t\t<div class=\"elementor-element elementor-element-3381847 elementor-widget-divider--view-line elementor-invisible elementor-widget elementor-widget-divider\" data-id=\"3381847\" data-element_type=\"widget\" data-settings=\"{&quot;_animation&quot;:&quot;slideInRight&quot;}\" data-widget_type=\"divider.default\">\n\t\t\t\t<div class=\"elementor-widget-container\">\n\t\t\t\t\t\t\t<div class=\"elementor-divider\">\n\t\t\t<span class=\"elementor-divider-separator\">\n\t\t\t\t\t\t<\/span>\n\t\t<\/div>\n\t\t\t\t\t\t<\/div>\n\t\t\t\t<\/div>\n\t\t\t\t<div class=\"elementor-element elementor-element-ba64b70 elementor-widget elementor-widget-heading\" data-id=\"ba64b70\" data-element_type=\"widget\" data-widget_type=\"heading.default\">\n\t\t\t\t<div class=\"elementor-widget-container\">\n\t\t\t\t\t<h2 class=\"elementor-heading-title elementor-size-default\">Board<\/h2>\t\t\t\t<\/div>\n\t\t\t\t<\/div>\n\t\t\t\t<div class=\"elementor-element elementor-element-93a0dad elementor-widget elementor-widget-text-editor\" data-id=\"93a0dad\" data-element_type=\"widget\" data-widget_type=\"text-editor.default\">\n\t\t\t\t<div class=\"elementor-widget-container\">\n\t\t\t\t\t\t\t\t\t<p><\/p>\n<p>Diretores<em> Eleitos para o Tri\u00eanio 2025-2028<\/em><\/p>\n<p><b>President<\/b><br>Nelson Romano (<em>DBR Energies)<\/em><\/p>\n<p><b>Vice-Presidente<\/b><br>Marcio A. Cancellara <em>(Newco)<\/em><\/p>\n<p><span style=\"font-weight: 400;\"><strong>Engineering Director<\/strong>&nbsp;<\/span><br><span style=\"font-weight: 400;\">Thomaz Americano <em>(AP<\/em><\/span><em><span style=\"font-weight: 400;\"> Consultoria e Projetos)&nbsp;<\/span><\/em><\/p>\n<p><strong>Manufacturing Director&nbsp;<\/strong><br><span style=\"font-weight: 400;\">Paolo Fiorletta (<em>Metroval&nbsp;<\/em><\/span><em><span style=\"font-weight: 400;\">Controle de Fluidos)&nbsp;<\/span><\/em><\/p>\n<p><strong>Electromechanical Erection&nbsp;<\/strong><br><span style=\"font-weight: 400;\">Jaime Llopis <em>(Cobra Brasil Servi\u00e7os)<\/em><\/span><\/p>\n<p><strong>Logistics Director&nbsp;<\/strong><br><span style=\"font-weight: 400;\">Henrique Zuppardo Junior<em> (Megatranz Transportes)<\/em><\/span><\/p>\n<p><strong>Diretor de Constru\u00e7\u00e3o Civil<\/strong><\/p>\n<p>Michel Rossi <em>(EGTC Infra)<\/em><\/p>\n<p><strong>Diretores Nomeados<\/strong><\/p>\n<p>Jos\u00e9 Aparecido Mello &#8211; Diretor Executivo<\/p>\n<p><span style=\"font-style: inherit; font-weight: inherit;\">Maria Michielin &#8211; Diretora Jur\u00eddica <\/span><em style=\"font-weight: inherit;\">(Toledo Marchetti Advogados)<\/em><\/p>\n<p><span style=\"font-weight: inherit;\">Hideo Hama &#8211; Diretor de Comunica\u00e7\u00e3o e Marketing (<i>Fluxo Solu\u00e7\u00f5es<\/i>)<\/span><\/p>\n<p><span style=\"font-weight: inherit;\">Ita\u00e9rcio Marinho &#8211; Diretor de Rela\u00e7\u00f5es Institucionais (<i>Grupo Connectta<\/i>)<\/span><\/p>\n<p><span style=\"font-weight: inherit;\">Gilberto Israel (<i>Ecovix\/Nova Engevix)<\/i><\/span><\/p>\n<p>Maur\u00edcio Godoy <i>&#8211; <\/i>Diretor de Inova\u00e7\u00e3o e Tecnologia <i>(Construction Management)<\/i><\/p>\n<p>Marcelo Marchetti &#8211; Diretor de Compliance<i> (Toledo Marchetti Advogados)<\/i><\/p>\n<p><span style=\"font-weight: inherit;\">&nbsp;<\/span><\/p>\n<p><em>&nbsp;<\/em><\/p>\t\t\t\t\t\t\t\t<\/div>\n\t\t\t\t<\/div>\n\t\t\t\t<div class=\"elementor-element elementor-element-39c7f03 elementor-widget-divider--view-line elementor-widget elementor-widget-divider\" data-id=\"39c7f03\" data-element_type=\"widget\" data-widget_type=\"divider.default\">\n\t\t\t\t<div class=\"elementor-widget-container\">\n\t\t\t\t\t\t\t<div class=\"elementor-divider\">\n\t\t\t<span class=\"elementor-divider-separator\">\n\t\t\t\t\t\t<\/span>\n\t\t<\/div>\n\t\t\t\t\t\t<\/div>\n\t\t\t\t<\/div>\n\t\t\t\t\t<\/div>\n\t\t<\/div>\n\t\t\t\t\t<\/div>\n\t\t<\/section>\n\t\t\t\t<section class=\"elementor-section elementor-top-section elementor-element elementor-element-df58c38 elementor-section-boxed elementor-section-height-default elementor-section-height-default\" data-id=\"df58c38\" data-element_type=\"section\" data-settings=\"{&quot;jet_parallax_layout_list&quot;:[]}\">\n\t\t\t\t\t\t<div class=\"elementor-container elementor-column-gap-no\">\n\t\t\t\t\t<div class=\"elementor-column elementor-col-100 elementor-top-column elementor-element elementor-element-e548cde\" data-id=\"e548cde\" data-element_type=\"column\">\n\t\t\t<div class=\"elementor-widget-wrap elementor-element-populated\">\n\t\t\t\t\t\t<div class=\"elementor-element elementor-element-b495b31 elementor-widget-divider--view-line elementor-invisible elementor-widget elementor-widget-divider\" data-id=\"b495b31\" data-element_type=\"widget\" data-settings=\"{&quot;_animation&quot;:&quot;slideInRight&quot;}\" data-widget_type=\"divider.default\">\n\t\t\t\t<div class=\"elementor-widget-container\">\n\t\t\t\t\t\t\t<div class=\"elementor-divider\">\n\t\t\t<span class=\"elementor-divider-separator\">\n\t\t\t\t\t\t<\/span>\n\t\t<\/div>\n\t\t\t\t\t\t<\/div>\n\t\t\t\t<\/div>\n\t\t\t\t<div class=\"elementor-element elementor-element-17ef6e8 elementor-widget elementor-widget-heading\" data-id=\"17ef6e8\" data-element_type=\"widget\" data-widget_type=\"heading.default\">\n\t\t\t\t<div class=\"elementor-widget-container\">\n\t\t\t\t\t<h2 class=\"elementor-heading-title elementor-size-default\">Advisors<\/h2>\t\t\t\t<\/div>\n\t\t\t\t<\/div>\n\t\t\t\t<div class=\"elementor-element elementor-element-19f7737 elementor-widget elementor-widget-heading\" data-id=\"19f7737\" data-element_type=\"widget\" data-widget_type=\"heading.default\">\n\t\t\t\t<div class=\"elementor-widget-container\">\n\t\t\t\t\t<p class=\"elementor-heading-title elementor-size-default\">Conselheiros Eleitos para o Tri\u00eanio 2025-2028<\/p>\t\t\t\t<\/div>\n\t\t\t\t<\/div>\n\t\t\t\t<div class=\"elementor-element elementor-element-c531fca elementor-widget elementor-widget-text-editor\" data-id=\"c531fca\" data-element_type=\"widget\" data-widget_type=\"text-editor.default\">\n\t\t\t\t<div class=\"elementor-widget-container\">\n\t\t\t\t\t\t\t\t\t<p><strong>ENGINEERING<\/strong><br><b>Roberto Pena <\/b><em>(GP Consultoria e Engenharia)<\/em><\/p>\n<p>Cedric Romano <em>(DBR Energies)<\/em><\/p>\n<p><strong>CONSTRUCTION<\/strong><br>Andr\u00e9 Bonugli <em>(Engecampo)<\/em><\/p>\n<p>Luiz Cholfe <em>(Statura Engenharia e Proj.)<\/em><\/p>\n<p><strong>MANUFACTURING<\/strong><\/p>\n<p>Hideo Hama<em> (Fluxo Solu\u00e7\u00f5es)<\/em><\/p>\n<p>Davi Barbosa Azevedo <em>(Kempetro Engenharia)<\/em><\/p>\n<p><strong>ASSEMBLY AND MAINTENANCE<\/strong><\/p>\n<p>Marcelo Neves Ferreira <em>(Tenenge Engenharia)<\/em><\/p>\n<p>Walace Monteiro <em>(MID Infraestrutura)<\/em><\/p>\n<p><strong>LOGISTICS<\/strong><br>Maur\u00edzio Terenzio<br><em>(Enterprise Transportes Internacionais)<\/em><\/p>\n<p>Newton Freire<em> (Innovo Tecnologia)<\/em><\/p>\t\t\t\t\t\t\t\t<\/div>\n\t\t\t\t<\/div>\n\t\t\t\t\t<\/div>\n\t\t<\/div>\n\t\t\t\t\t<\/div>\n\t\t<\/section>\n\t\t\t\t<\/div>","protected":false},"excerpt":{"rendered":"<p>Atividades do corpo diretivo Diretoria Diretores Eleitos para o Tri\u00eanio 2025-2028 PresidenteNelson Romano (DBR Energies) Vice-PresidenteMarcio A. Cancellara (Newco) Diretor de Engenharia&nbsp;Thomaz Americano (AP Consultoria e Projetos)&nbsp; Diretor de Fabrica\u00e7\u00e3o&nbsp;Paolo Fiorletta (Metroval&nbsp;Controle de Fluidos)&nbsp; Diretor de Montagem e Manuten\u00e7\u00e3o&nbsp;Jaime Llopis (Cobra Brasil Servi\u00e7os) Diretor de Log\u00edstica&nbsp;Henrique Zuppardo Junior (Megatranz Transportes) Diretor de Constru\u00e7\u00e3o Civil Michel [&hellip;]<\/p>\n","protected":false},"author":2,"featured_media":5573,"parent":1955,"menu_order":0,"comment_status":"closed","ping_status":"closed","template":"","meta":{"site-sidebar-layout":"default","site-content-layout":"","ast-site-content-layout":"default","site-content-style":"default","site-sidebar-style":"default","ast-global-header-display":"","ast-banner-title-visibility":"","ast-main-header-display":"","ast-hfb-above-header-display":"","ast-hfb-below-header-display":"","ast-hfb-mobile-header-display":"","site-post-title":"","ast-breadcrumbs-content":"","ast-featured-img":"","footer-sml-layout":"","theme-transparent-header-meta":"","adv-header-id-meta":"","stick-header-meta":"","header-above-stick-meta":"","header-main-stick-meta":"","header-below-stick-meta":"","astra-migrate-meta-layouts":"default","ast-page-background-enabled":"default","ast-page-background-meta":{"desktop":{"background-color":"","background-image":"","background-repeat":"repeat","background-position":"center center","background-size":"auto","background-attachment":"scroll","background-type":"","background-media":"","overlay-type":"","overlay-color":"","overlay-opacity":"","overlay-gradient":""},"tablet":{"background-color":"","background-image":"","background-repeat":"repeat","background-position":"center center","background-size":"auto","background-attachment":"scroll","background-type":"","background-media":"","overlay-type":"","overlay-color":"","overlay-opacity":"","overlay-gradient":""},"mobile":{"background-color":"","background-image":"","background-repeat":"repeat","background-position":"center center","background-size":"auto","background-attachment":"scroll","background-type":"","background-media":"","overlay-type":"","overlay-color":"","overlay-opacity":"","overlay-gradient":""}},"ast-content-background-meta":{"desktop":{"background-color":"var(--ast-global-color-5)","background-image":"","background-repeat":"repeat","background-position":"center center","background-size":"auto","background-attachment":"scroll","background-type":"","background-media":"","overlay-type":"","overlay-color":"","overlay-opacity":"","overlay-gradient":""},"tablet":{"background-color":"var(--ast-global-color-5)","background-image":"","background-repeat":"repeat","background-position":"center center","background-size":"auto","background-attachment":"scroll","background-type":"","background-media":"","overlay-type":"","overlay-color":"","overlay-opacity":"","overlay-gradient":""},"mobile":{"background-color":"var(--ast-global-color-5)","background-image":"","background-repeat":"repeat","background-position":"center center","background-size":"auto","background-attachment":"scroll","background-type":"","background-media":"","overlay-type":"","overlay-color":"","overlay-opacity":"","overlay-gradient":""}},"slim_seo":{"title":"Diretoria - ABEMI","description":"Atividades do corpo diretivo Diretoria Diretores Eleitos para o Tri\u00eanio 2025-2028 Presidente Nelson Romano ( DBR Energies) Vice-Presidente Marcio A. Cancellara"},"footnotes":""},"class_list":["post-2082","page","type-page","status-publish","has-post-thumbnail","hentry"],"_links":{"self":[{"href":"https:\/\/abemi.org.br\/en\/wp-json\/wp\/v2\/pages\/2082","targetHints":{"allow":["GET"]}}],"collection":[{"href":"https:\/\/abemi.org.br\/en\/wp-json\/wp\/v2\/pages"}],"about":[{"href":"https:\/\/abemi.org.br\/en\/wp-json\/wp\/v2\/types\/page"}],"author":[{"embeddable":true,"href":"https:\/\/abemi.org.br\/en\/wp-json\/wp\/v2\/users\/2"}],"replies":[{"embeddable":true,"href":"https:\/\/abemi.org.br\/en\/wp-json\/wp\/v2\/comments?post=2082"}],"version-history":[{"count":10,"href":"https:\/\/abemi.org.br\/en\/wp-json\/wp\/v2\/pages\/2082\/revisions"}],"predecessor-version":[{"id":13968,"href":"https:\/\/abemi.org.br\/en\/wp-json\/wp\/v2\/pages\/2082\/revisions\/13968"}],"up":[{"embeddable":true,"href":"https:\/\/abemi.org.br\/en\/wp-json\/wp\/v2\/pages\/1955"}],"wp:featuredmedia":[{"embeddable":true,"href":"https:\/\/abemi.org.br\/en\/wp-json\/wp\/v2\/media\/5573"}],"wp:attachment":[{"href":"https:\/\/abemi.org.br\/en\/wp-json\/wp\/v2\/media?parent=2082"}],"curies":[{"name":"wp","href":"https:\/\/api.w.org\/{rel}","templated":true}]}}