{"id":3151,"date":"2022-09-05T15:15:17","date_gmt":"2022-09-05T18:15:17","guid":{"rendered":"https:\/\/abemi.sancho.digital\/?page_id=3151"},"modified":"2022-11-08T18:52:49","modified_gmt":"2022-11-08T21:52:49","slug":"inovacao","status":"publish","type":"page","link":"https:\/\/abemi.org.br\/en\/inovacao\/","title":{"rendered":"Innovation and Technology"},"content":{"rendered":"<div data-elementor-type=\"wp-post\" data-elementor-id=\"3151\" class=\"elementor elementor-3151\" data-elementor-post-type=\"page\">\n\t\t\t\t\t\t<section class=\"elementor-section elementor-top-section elementor-element elementor-element-721e08b elementor-section-boxed elementor-section-height-default elementor-section-height-default\" data-id=\"721e08b\" data-element_type=\"section\" data-settings=\"{&quot;jet_parallax_layout_list&quot;:[]}\">\n\t\t\t\t\t\t<div class=\"elementor-container elementor-column-gap-no\">\n\t\t\t\t\t<div class=\"elementor-column elementor-col-100 elementor-top-column elementor-element elementor-element-bc09d0c\" data-id=\"bc09d0c\" data-element_type=\"column\">\n\t\t\t<div class=\"elementor-widget-wrap elementor-element-populated\">\n\t\t\t\t\t\t<div class=\"elementor-element elementor-element-37073df elementor-widget elementor-widget-heading\" data-id=\"37073df\" data-element_type=\"widget\" data-widget_type=\"heading.default\">\n\t\t\t\t<div class=\"elementor-widget-container\">\n\t\t\t\t\t<h2 class=\"elementor-heading-title elementor-size-default\">Innovation and Technology, the growth path of industrial engineering<\/h2>\t\t\t\t<\/div>\n\t\t\t\t<\/div>\n\t\t\t\t<section class=\"elementor-section elementor-inner-section elementor-element elementor-element-e22d834 elementor-section-boxed elementor-section-height-default elementor-section-height-default\" data-id=\"e22d834\" data-element_type=\"section\" data-settings=\"{&quot;jet_parallax_layout_list&quot;:[]}\">\n\t\t\t\t\t\t<div class=\"elementor-container elementor-column-gap-wide\">\n\t\t\t\t\t<div class=\"elementor-column elementor-col-50 elementor-inner-column elementor-element elementor-element-dcbe18c\" data-id=\"dcbe18c\" data-element_type=\"column\">\n\t\t\t<div class=\"elementor-widget-wrap elementor-element-populated\">\n\t\t\t\t\t\t<div class=\"elementor-element elementor-element-c645ab0 elementor-widget elementor-widget-text-editor\" data-id=\"c645ab0\" data-element_type=\"widget\" data-widget_type=\"text-editor.default\">\n\t\t\t\t<div class=\"elementor-widget-container\">\n\t\t\t\t\t\t\t\t\t<p class=\"western\">To speak of innovation is to position Brazilian companies in a prominent position at a global level in industrial engineering and heavy construction. Hence the importance of engineering 4.0 in working on an open innovation program.<\/p><p class=\"western\">There are large investments planned for the next 10 years in energy, infrastructure, basic sanitation, housing and urban mobility, and civil construction needs to be prepared to add new technologies.<\/p><p class=\"western\">Due to the demand that is happening or about to happen, there are estimates of productivity gains, which should take the country to the technological frontier of the E&amp;C activity. This means that with ambitious goals, well-designed plans and articulation between economic actors, the country can be a global exponent in Construction 4.0.<\/p><p class=\"western\">For ABEMI, it is imperative to promote the growth of the Industrial Engineering and Heavy Construction sector through innovation and digital transformation of companies.<\/p><p>With this philosophy in mind, he created the <a href=\"https:\/\/proec40.com.br\/\">ProEC 4.0 Institute<\/a> to stimulate, promote and provide research and development of technological innovations for the activities of the engineering and construction sector, in addition to disseminating the production and transfer of technological knowledge.<\/p>\t\t\t\t\t\t\t\t<\/div>\n\t\t\t\t<\/div>\n\t\t\t\t\t<\/div>\n\t\t<\/div>\n\t\t\t\t<div class=\"elementor-column elementor-col-50 elementor-inner-column elementor-element elementor-element-08c7ef4\" data-id=\"08c7ef4\" data-element_type=\"column\">\n\t\t\t<div class=\"elementor-widget-wrap elementor-element-populated\">\n\t\t\t\t\t\t<div class=\"elementor-element elementor-element-560eee7 elementor-widget elementor-widget-text-editor\" data-id=\"560eee7\" data-element_type=\"widget\" data-widget_type=\"text-editor.default\">\n\t\t\t\t<div class=\"elementor-widget-container\">\n\t\t\t\t\t\t\t\t\t<p class=\"western\" align=\"JUSTIFY\">One of the objectives of <a href=\"https:\/\/proec40.com.br\/\">ProEC Institute<\/a> is to implement the Nucleus of Engineering &amp; Construction in Sorocaba (NECSOR), in the PTS, Parque Tecnol\u00f3gico de Sorocaba (SP), which will have an external physical environment, where equipment used in \u201cdigital construction sites\u201d will be operating and available for research and development activities , teaching, testing, etc.<\/p><p class=\"western\" align=\"JUSTIFY\">NESCOR will also have an internal environment, where equipment for design in BIM, Virtual Reality (VR) and Augmented Reality (AR), Artificial Intelligence (AI), drones, laser-scan and others will be installed and in operation.<\/p><p class=\"western\" align=\"LEFT\">For ABEMI, innovation and technology are fundamental for development, because they allow adding new methods, processes, products and more efficient services with greater productivity for its members. And for associates, they mean greater competitiveness in the market, financial return and an increase in the level of employment and income.<\/p>\t\t\t\t\t\t\t\t<\/div>\n\t\t\t\t<\/div>\n\t\t\t\t\t<\/div>\n\t\t<\/div>\n\t\t\t\t\t<\/div>\n\t\t<\/section>\n\t\t\t\t\t<\/div>\n\t\t<\/div>\n\t\t\t\t\t<\/div>\n\t\t<\/section>\n\t\t\t\t<section class=\"elementor-section elementor-top-section elementor-element elementor-element-f6866de elementor-section-boxed elementor-section-height-default elementor-section-height-default\" data-id=\"f6866de\" data-element_type=\"section\" data-settings=\"{&quot;background_background&quot;:&quot;classic&quot;,&quot;jet_parallax_layout_list&quot;:[]}\">\n\t\t\t\t\t\t<div class=\"elementor-container elementor-column-gap-no\">\n\t\t\t\t\t<div class=\"elementor-column elementor-col-50 elementor-top-column elementor-element elementor-element-41892a7\" data-id=\"41892a7\" data-element_type=\"column\">\n\t\t\t<div class=\"elementor-widget-wrap elementor-element-populated\">\n\t\t\t\t\t\t<div class=\"elementor-element elementor-element-679ca1a elementor-widget elementor-widget-heading\" data-id=\"679ca1a\" data-element_type=\"widget\" data-widget_type=\"heading.default\">\n\t\t\t\t<div class=\"elementor-widget-container\">\n\t\t\t\t\t<h2 class=\"elementor-heading-title elementor-size-default\">Check ProEC 4.0 presentation<\/h2>\t\t\t\t<\/div>\n\t\t\t\t<\/div>\n\t\t\t\t<div class=\"elementor-element elementor-element-76f286a elementor-widget-divider--view-line elementor-widget elementor-widget-divider\" data-id=\"76f286a\" data-element_type=\"widget\" data-widget_type=\"divider.default\">\n\t\t\t\t<div class=\"elementor-widget-container\">\n\t\t\t\t\t\t\t<div class=\"elementor-divider\">\n\t\t\t<span class=\"elementor-divider-separator\">\n\t\t\t\t\t\t<\/span>\n\t\t<\/div>\n\t\t\t\t\t\t<\/div>\n\t\t\t\t<\/div>\n\t\t\t\t<div class=\"elementor-element elementor-element-075df62 elementor-widget elementor-widget-text-editor\" data-id=\"075df62\" data-element_type=\"widget\" data-widget_type=\"text-editor.default\">\n\t\t\t\t<div class=\"elementor-widget-container\">\n\t\t\t\t\t\t\t\t\t<p>Click the button to download PDF and read it.<\/p>\t\t\t\t\t\t\t\t<\/div>\n\t\t\t\t<\/div>\n\t\t\t\t<div class=\"elementor-element elementor-element-1db9ea2 elementor-mobile-align-justify elementor-widget elementor-widget-jet-download-button\" data-id=\"1db9ea2\" data-element_type=\"widget\" data-widget_type=\"jet-download-button.default\">\n\t\t\t\t<div class=\"elementor-widget-container\">\n\t\t\t\t\t<div class=\"elementor-jet-download-button jet-elements\"><a class=\"elementor-button elementor-size-md jet-download jet-download-icon-position-left\" data-e-disable-page-transition=\"true\" href=\"https:\/\/abemi.org.br\/en\/?jet_download=9908eb1a5b1db090dcec2ea9aa2f5ed2214711b7\" ><span class=\"jet-download__icon jet-download-icon-left jet-elements-icon\"><svg aria-hidden=\"true\" class=\"e-font-icon-svg e-far-arrow-alt-circle-down\" viewbox=\"0 0 512 512\" xmlns=\"http:\/\/www.w3.org\/2000\/svg\"><path d=\"M256 8C119 8 8 119 8 256s111 248 248 248 248-111 248-248S393 8 256 8zm0 448c-110.5 0-200-89.5-200-200S145.5 56 256 56s200 89.5 200 200-89.5 200-200 200zm-32-316v116h-67c-10.7 0-16 12.9-8.5 20.5l99 99c4.7 4.7 12.3 4.7 17 0l99-99c7.6-7.6 2.2-20.5-8.5-20.5h-67V140c0-6.6-5.4-12-12-12h-40c-6.6 0-12 5.4-12 12z\"><\/path><\/svg><\/span><span class=\"jet-download__text\"><span class=\"jet-download__label\">ProEC presentation<\/span><span class=\"jet-download__file-name\"><\/span><small class=\"jet-download__sub-label\">2 MB<\/small><\/span><\/a>\n<\/div>\t\t\t\t<\/div>\n\t\t\t\t<\/div>\n\t\t\t\t\t<\/div>\n\t\t<\/div>\n\t\t\t\t<div class=\"elementor-column elementor-col-50 elementor-top-column elementor-element elementor-element-444fbca\" data-id=\"444fbca\" data-element_type=\"column\">\n\t\t\t<div class=\"elementor-widget-wrap elementor-element-populated\">\n\t\t\t\t\t\t<div class=\"elementor-element elementor-element-4f18e3e elementor-widget elementor-widget-image\" data-id=\"4f18e3e\" data-element_type=\"widget\" data-widget_type=\"image.default\">\n\t\t\t\t<div class=\"elementor-widget-container\">\n\t\t\t\t\t\t\t\t\t\t\t\t\t\t\t<img fetchpriority=\"high\" decoding=\"async\" width=\"1618\" height=\"667\" src=\"https:\/\/abemi.org.br\/wp-content\/uploads\/2022\/11\/cropped-Logo-ProEC4.0-01.png\" class=\"attachment-full size-full wp-image-4279\" alt=\"Cropped Logo ProEC4.0\" srcset=\"https:\/\/abemi.org.br\/wp-content\/uploads\/2022\/11\/cropped-Logo-ProEC4.0-01.png 1618w, https:\/\/abemi.org.br\/wp-content\/uploads\/2022\/11\/cropped-Logo-ProEC4.0-01-300x124.png 300w, https:\/\/abemi.org.br\/wp-content\/uploads\/2022\/11\/cropped-Logo-ProEC4.0-01-1024x422.png 1024w, https:\/\/abemi.org.br\/wp-content\/uploads\/2022\/11\/cropped-Logo-ProEC4.0-01-768x317.png 768w, https:\/\/abemi.org.br\/wp-content\/uploads\/2022\/11\/cropped-Logo-ProEC4.0-01-1536x633.png 1536w\" sizes=\"(max-width: 1618px) 100vw, 1618px\" \/>\t\t\t\t\t\t\t\t\t\t\t\t\t\t\t<\/div>\n\t\t\t\t<\/div>\n\t\t\t\t\t<\/div>\n\t\t<\/div>\n\t\t\t\t\t<\/div>\n\t\t<\/section>\n\t\t\t\t<\/div>","protected":false},"excerpt":{"rendered":"<p>Inova\u00e7\u00e3o e Tecnologia, o caminho do crescimento da engenharia industrial Falar de inova\u00e7\u00e3o \u00e9 posicionar as empresas brasileiras em lugar de destaque a n\u00edvel global na engenha industrial e constru\u00e7\u00e3o pesada. Da\u00ed a import\u00e2ncia da engenharia 4.0 em trabalhar num programa de inova\u00e7\u00e3o aberta. Existem grandes investimentos previstos para os pr\u00f3ximos 10 anos em energia,\u00a0infraestrutura, [&hellip;]<\/p>\n","protected":false},"author":1,"featured_media":3164,"parent":0,"menu_order":0,"comment_status":"closed","ping_status":"closed","template":"","meta":{"site-sidebar-layout":"no-sidebar","site-content-layout":"page-builder","ast-site-content-layout":"default","site-content-style":"default","site-sidebar-style":"default","ast-global-header-display":"","ast-banner-title-visibility":"","ast-main-header-display":"","ast-hfb-above-header-display":"","ast-hfb-below-header-display":"","ast-hfb-mobile-header-display":"","site-post-title":"disabled","ast-breadcrumbs-content":"","ast-featured-img":"disabled","footer-sml-layout":"","theme-transparent-header-meta":"enabled","adv-header-id-meta":"","stick-header-meta":"","header-above-stick-meta":"","header-main-stick-meta":"","header-below-stick-meta":"","astra-migrate-meta-layouts":"default","ast-page-background-enabled":"default","ast-page-background-meta":{"desktop":{"background-color":"","background-image":"","background-repeat":"repeat","background-position":"center center","background-size":"auto","background-attachment":"scroll","background-type":"","background-media":"","overlay-type":"","overlay-color":"","overlay-opacity":"","overlay-gradient":""},"tablet":{"background-color":"","background-image":"","background-repeat":"repeat","background-position":"center center","background-size":"auto","background-attachment":"scroll","background-type":"","background-media":"","overlay-type":"","overlay-color":"","overlay-opacity":"","overlay-gradient":""},"mobile":{"background-color":"","background-image":"","background-repeat":"repeat","background-position":"center center","background-size":"auto","background-attachment":"scroll","background-type":"","background-media":"","overlay-type":"","overlay-color":"","overlay-opacity":"","overlay-gradient":""}},"ast-content-background-meta":{"desktop":{"background-color":"var(--ast-global-color-5)","background-image":"","background-repeat":"repeat","background-position":"center center","background-size":"auto","background-attachment":"scroll","background-type":"","background-media":"","overlay-type":"","overlay-color":"","overlay-opacity":"","overlay-gradient":""},"tablet":{"background-color":"var(--ast-global-color-5)","background-image":"","background-repeat":"repeat","background-position":"center center","background-size":"auto","background-attachment":"scroll","background-type":"","background-media":"","overlay-type":"","overlay-color":"","overlay-opacity":"","overlay-gradient":""},"mobile":{"background-color":"var(--ast-global-color-5)","background-image":"","background-repeat":"repeat","background-position":"center center","background-size":"auto","background-attachment":"scroll","background-type":"","background-media":"","overlay-type":"","overlay-color":"","overlay-opacity":"","overlay-gradient":""}},"slim_seo":{"title":"Inova\u00e7\u00e3o e Tecnologia - ABEMI","description":"Inova\u00e7\u00e3o e Tecnologia, o caminho do crescimento da engenharia industrial Falar de inova\u00e7\u00e3o \u00e9 posicionar as empresas brasileiras em lugar de destaque a n\u00edvel glo"},"footnotes":""},"class_list":["post-3151","page","type-page","status-publish","has-post-thumbnail","hentry"],"_links":{"self":[{"href":"https:\/\/abemi.org.br\/en\/wp-json\/wp\/v2\/pages\/3151","targetHints":{"allow":["GET"]}}],"collection":[{"href":"https:\/\/abemi.org.br\/en\/wp-json\/wp\/v2\/pages"}],"about":[{"href":"https:\/\/abemi.org.br\/en\/wp-json\/wp\/v2\/types\/page"}],"author":[{"embeddable":true,"href":"https:\/\/abemi.org.br\/en\/wp-json\/wp\/v2\/users\/1"}],"replies":[{"embeddable":true,"href":"https:\/\/abemi.org.br\/en\/wp-json\/wp\/v2\/comments?post=3151"}],"version-history":[{"count":0,"href":"https:\/\/abemi.org.br\/en\/wp-json\/wp\/v2\/pages\/3151\/revisions"}],"wp:featuredmedia":[{"embeddable":true,"href":"https:\/\/abemi.org.br\/en\/wp-json\/wp\/v2\/media\/3164"}],"wp:attachment":[{"href":"https:\/\/abemi.org.br\/en\/wp-json\/wp\/v2\/media?parent=3151"}],"curies":[{"name":"wp","href":"https:\/\/api.w.org\/{rel}","templated":true}]}}